{"id":32,"date":"2026-03-31T21:20:44","date_gmt":"2026-04-01T00:20:44","guid":{"rendered":"https:\/\/rsiapp.amplomarketing.com.br\/?page_id=32"},"modified":"2026-04-14T10:12:29","modified_gmt":"2026-04-14T13:12:29","slug":"apos-inducao-anestesica","status":"publish","type":"page","link":"https:\/\/rsiapp.amplomarketing.com.br\/fr\/apos-inducao-anestesica\/","title":{"rendered":"Apr\u00e8s induction anesth\u00e9sique"},"content":{"rendered":"<section class=\"l-section wpb_row us_custom_2b220f25 height_small color_primary\"><div class=\"l-section-h i-cf\"><div class=\"g-cols vc_row via_grid cols_1-4-1 laptops-cols_inherit tablets-cols_inherit mobiles-cols_1 valign_top type_default stacking_default\"><div class=\"wpb_column vc_column_container\"><div class=\"vc_column-inner\"><\/div><\/div><div class=\"wpb_column vc_column_container\"><div class=\"vc_column-inner\"><div class=\"wpb_text_column\"><div class=\"wpb_wrapper\"><h5 style=\"text-align: center;\"><strong>Apr\u00e8s induction anesth\u00e9sique<\/strong><\/h5>\n<\/div><\/div><\/div><\/div><div class=\"wpb_column vc_column_container\"><div class=\"vc_column-inner\"><\/div><\/div><\/div><\/div><\/section><section class=\"l-section wpb_row us_custom_2b220f25 height_small\"><div class=\"l-section-h i-cf\"><div class=\"g-cols vc_row via_grid cols_1-4-1 laptops-cols_inherit tablets-cols_inherit mobiles-cols_1 valign_top type_default stacking_default\"><div class=\"wpb_column vc_column_container\"><div class=\"vc_column-inner\"><\/div><\/div><div class=\"wpb_column vc_column_container\"><div class=\"vc_column-inner\"><div class=\"w-vwrapper us_custom_41248897 align_center valign_middle\" style=\"--vwrapper-gap:1.5rem\"><div class=\"wpb_text_column\"><div class=\"wpb_wrapper\"><p>Intubation trach\u00e9ale \u2013 maximum 3 tentatives (VID\u00c9OLARYNGOSCOPE, laryngoscope traditionnel). Capnographe disponible ?<\/p>\n<\/div><\/div><div class=\"w-image us_custom_5e8a7298 align_center\"><div class=\"w-image-h\"><img decoding=\"async\" width=\"688\" height=\"768\" src=\"https:\/\/rsiapp.amplomarketing.com.br\/wp-content\/uploads\/2026\/04\/Apos-inducao-anestesica-rsi.png\" class=\"attachment-large size-large\" alt=\"\" loading=\"lazy\" srcset=\"https:\/\/rsiapp.amplomarketing.com.br\/wp-content\/uploads\/2026\/04\/Apos-inducao-anestesica-rsi.png 688w, https:\/\/rsiapp.amplomarketing.com.br\/wp-content\/uploads\/2026\/04\/Apos-inducao-anestesica-rsi-269x300.png 269w, https:\/\/rsiapp.amplomarketing.com.br\/wp-content\/uploads\/2026\/04\/Apos-inducao-anestesica-rsi-11x12.png 11w, https:\/\/rsiapp.amplomarketing.com.br\/wp-content\/uploads\/2026\/04\/Apos-inducao-anestesica-rsi-64x71.png 64w, https:\/\/rsiapp.amplomarketing.com.br\/wp-content\/uploads\/2026\/04\/Apos-inducao-anestesica-rsi-128x143.png 128w, https:\/\/rsiapp.amplomarketing.com.br\/wp-content\/uploads\/2026\/04\/Apos-inducao-anestesica-rsi-256x286.png 256w\" sizes=\"auto, (max-width: 688px) 100vw, 688px\" \/><\/div><\/div><\/div><div class=\"w-separator size_medium\"><\/div><div class=\"w-vwrapper us_custom_d9ea42b1 align_center valign_middle\" style=\"--vwrapper-gap:1.5rem\"><div class=\"wpb_text_column\"><div class=\"wpb_wrapper\"><p style=\"text-align: center;\"><strong>IOT r\u00e9ussie ?<\/strong><\/p>\n<\/div><\/div><\/div><\/div><\/div><div class=\"wpb_column vc_column_container\"><div class=\"vc_column-inner\"><\/div><\/div><\/div><\/div><\/section><section class=\"l-section wpb_row us_custom_2b220f25 height_small\"><div class=\"l-section-h i-cf\"><div class=\"g-cols vc_row via_grid cols_1-4-1 laptops-cols_inherit tablets-cols_inherit mobiles-cols_1 valign_top type_default stacking_default\"><div class=\"wpb_column vc_column_container\"><div class=\"vc_column-inner\"><\/div><\/div><div class=\"wpb_column vc_column_container\"><div class=\"vc_column-inner\"><div class=\"w-hwrapper valign_top align_none\"><div class=\"w-btn-wrapper align_justify\"><a class=\"w-btn us-btn-style_1\" href=\"https:\/\/rsiapp.amplomarketing.com.br\/fr\/sucesso-paciente-intubado\/\"><span class=\"w-btn-label\">OUI<\/span><\/a><\/div><div class=\"w-btn-wrapper align_justify\"><a class=\"w-btn us-btn-style_1\" href=\"https:\/\/rsiapp.amplomarketing.com.br\/fr\/mascara-laringea\/\"><span class=\"w-btn-label\">NON<\/span><\/a><\/div><\/div><\/div><\/div><div class=\"wpb_column vc_column_container\"><div class=\"vc_column-inner\"><\/div><\/div><\/div><\/div><\/section><section class=\"l-section wpb_row us_custom_2b220f25 height_small\"><div class=\"l-section-h i-cf\"><div class=\"g-cols vc_row via_grid cols_1-4-1 laptops-cols_inherit tablets-cols_inherit mobiles-cols_1 valign_top type_default stacking_default\"><div class=\"wpb_column vc_column_container\"><div class=\"vc_column-inner\"><\/div><\/div><div class=\"wpb_column vc_column_container\"><div class=\"vc_column-inner\"><div class=\"w-btn-wrapper align_center\"><a class=\"w-btn us-btn-style_3 icon_atleft\" href=\"javascript:history.back()\"><i class=\"fas fa-chevron-circle-left\"><\/i><span class=\"w-btn-label\">RETOUR<\/span><\/a><\/div><\/div><\/div><div class=\"wpb_column vc_column_container\"><div class=\"vc_column-inner\"><\/div><\/div><\/div><\/div><\/section>","protected":false},"excerpt":{"rendered":"Ap\u00f3s indu\u00e7\u00e3o anest\u00e9sica Intuba\u00e7\u00e3o traqueal \u2013 m\u00e1ximo 3 tentativas (VIDEOLARINGOSC\u00d3PIO, laringosc\u00f3pio tradicional). Capn\u00f3grafo dispon\u00edvel? Sucesso na IOT? SIMN\u00c3OVOLTAR","protected":false},"author":1,"featured_media":0,"parent":0,"menu_order":0,"comment_status":"closed","ping_status":"closed","template":"","meta":{"footnotes":""},"class_list":["post-32","page","type-page","status-publish","hentry"],"_links":{"self":[{"href":"https:\/\/rsiapp.amplomarketing.com.br\/fr\/wp-json\/wp\/v2\/pages\/32","targetHints":{"allow":["GET"]}}],"collection":[{"href":"https:\/\/rsiapp.amplomarketing.com.br\/fr\/wp-json\/wp\/v2\/pages"}],"about":[{"href":"https:\/\/rsiapp.amplomarketing.com.br\/fr\/wp-json\/wp\/v2\/types\/page"}],"author":[{"embeddable":true,"href":"https:\/\/rsiapp.amplomarketing.com.br\/fr\/wp-json\/wp\/v2\/users\/1"}],"replies":[{"embeddable":true,"href":"https:\/\/rsiapp.amplomarketing.com.br\/fr\/wp-json\/wp\/v2\/comments?post=32"}],"version-history":[{"count":15,"href":"https:\/\/rsiapp.amplomarketing.com.br\/fr\/wp-json\/wp\/v2\/pages\/32\/revisions"}],"predecessor-version":[{"id":375,"href":"https:\/\/rsiapp.amplomarketing.com.br\/fr\/wp-json\/wp\/v2\/pages\/32\/revisions\/375"}],"wp:attachment":[{"href":"https:\/\/rsiapp.amplomarketing.com.br\/fr\/wp-json\/wp\/v2\/media?parent=32"}],"curies":[{"name":"wp","href":"https:\/\/api.w.org\/{rel}","templated":true}]}}