{"id":26,"date":"2026-03-31T21:19:36","date_gmt":"2026-04-01T00:19:36","guid":{"rendered":"https:\/\/rsiapp.amplomarketing.com.br\/?page_id=26"},"modified":"2026-04-14T10:32:25","modified_gmt":"2026-04-14T13:32:25","slug":"ventilacao-sob-mascara-iot-sim","status":"publish","type":"page","link":"https:\/\/rsiapp.amplomarketing.com.br\/fr\/ventilacao-sob-mascara-iot-sim\/","title":{"rendered":"Ventilation au masque IOT Oui"},"content":{"rendered":"<section class=\"l-section wpb_row height_small color_primary\"><div class=\"l-section-h i-cf\"><div class=\"g-cols vc_row via_grid cols_1-4-1 laptops-cols_inherit tablets-cols_inherit mobiles-cols_1 valign_top type_default stacking_default\"><div class=\"wpb_column vc_column_container\"><div class=\"vc_column-inner\"><\/div><\/div><div class=\"wpb_column vc_column_container\"><div class=\"vc_column-inner\"><div class=\"wpb_text_column\"><div class=\"wpb_wrapper\"><h5 style=\"text-align: center;\"><strong>Ventilation au masque<\/strong><\/h5>\n<\/div><\/div><\/div><\/div><div class=\"wpb_column vc_column_container\"><div class=\"vc_column-inner\"><\/div><\/div><\/div><\/div><\/section><section class=\"l-section wpb_row height_small\"><div class=\"l-section-h i-cf\"><div class=\"g-cols vc_row via_grid cols_custom laptops-cols_inherit tablets-cols_inherit mobiles-cols_1 valign_top type_default stacking_default\" style=\"--custom-columns:1fr 4fr 1fr \"><div class=\"wpb_column vc_column_container\"><div class=\"vc_column-inner\"><\/div><\/div><div class=\"wpb_column vc_column_container\"><div class=\"vc_column-inner\"><div class=\"w-separator size_small\"><\/div><div class=\"w-vwrapper us_custom_41248897 align_center valign_middle\" style=\"--vwrapper-gap:1rem\"><div class=\"wpb_text_column\"><div class=\"wpb_wrapper\"><p><strong>Ventilation difficile probable ?<\/strong><\/p>\n<\/div><\/div><\/div><\/div><\/div><div class=\"wpb_column vc_column_container\"><div class=\"vc_column-inner\"><\/div><\/div><\/div><\/div><\/section><section class=\"l-section wpb_row height_small\"><div class=\"l-section-h i-cf\"><div class=\"g-cols vc_row via_grid cols_custom laptops-cols_inherit tablets-cols_inherit mobiles-cols_1 valign_top type_default stacking_default\" style=\"--custom-columns:1fr 4fr 1fr \"><div class=\"wpb_column vc_column_container\"><div class=\"vc_column-inner\"><\/div><\/div><div class=\"wpb_column vc_column_container\"><div class=\"vc_column-inner\"><div class=\"w-hwrapper valign_top align_none\"><div class=\"w-btn-wrapper align_justify\"><a class=\"w-btn us-btn-style_1\" href=\"https:\/\/rsiapp.amplomarketing.com.br\/fr\/intubacao-acordado\/\"><span class=\"w-btn-label\">OUI<\/span><\/a><\/div><div class=\"w-btn-wrapper align_justify\"><a class=\"w-btn us-btn-style_1\" href=\"https:\/\/rsiapp.amplomarketing.com.br\/fr\/inducao-em-sequencia-rapida\/\"><span class=\"w-btn-label\">NON<\/span><\/a><\/div><\/div><\/div><\/div><div class=\"wpb_column vc_column_container\"><div class=\"vc_column-inner\"><\/div><\/div><\/div><\/div><\/section><section class=\"l-section wpb_row height_small\"><div class=\"l-section-h i-cf\"><div class=\"g-cols vc_row via_grid cols_custom laptops-cols_inherit tablets-cols_inherit mobiles-cols_1 valign_top type_default stacking_default\" style=\"--custom-columns:1fr 4fr 1fr \"><div class=\"wpb_column vc_column_container\"><div class=\"vc_column-inner\"><\/div><\/div><div class=\"wpb_column vc_column_container\"><div class=\"vc_column-inner\"><div class=\"w-btn-wrapper align_center\"><a class=\"w-btn us-btn-style_3 icon_atleft\" href=\"javascript:history.back()\"><i class=\"fas fa-chevron-circle-left\"><\/i><span class=\"w-btn-label\">RETOUR<\/span><\/a><\/div><\/div><\/div><div class=\"wpb_column vc_column_container\"><div class=\"vc_column-inner\"><\/div><\/div><\/div><\/div><\/section>","protected":false},"excerpt":{"rendered":"Ventila\u00e7\u00e3o sob m\u00e1scara Ventila\u00e7\u00e3o dif\u00edcil prov\u00e1vel? SIMN\u00c3OVOLTAR","protected":false},"author":1,"featured_media":0,"parent":0,"menu_order":0,"comment_status":"closed","ping_status":"closed","template":"","meta":{"footnotes":""},"class_list":["post-26","page","type-page","status-publish","hentry"],"_links":{"self":[{"href":"https:\/\/rsiapp.amplomarketing.com.br\/fr\/wp-json\/wp\/v2\/pages\/26","targetHints":{"allow":["GET"]}}],"collection":[{"href":"https:\/\/rsiapp.amplomarketing.com.br\/fr\/wp-json\/wp\/v2\/pages"}],"about":[{"href":"https:\/\/rsiapp.amplomarketing.com.br\/fr\/wp-json\/wp\/v2\/types\/page"}],"author":[{"embeddable":true,"href":"https:\/\/rsiapp.amplomarketing.com.br\/fr\/wp-json\/wp\/v2\/users\/1"}],"replies":[{"embeddable":true,"href":"https:\/\/rsiapp.amplomarketing.com.br\/fr\/wp-json\/wp\/v2\/comments?post=26"}],"version-history":[{"count":25,"href":"https:\/\/rsiapp.amplomarketing.com.br\/fr\/wp-json\/wp\/v2\/pages\/26\/revisions"}],"predecessor-version":[{"id":381,"href":"https:\/\/rsiapp.amplomarketing.com.br\/fr\/wp-json\/wp\/v2\/pages\/26\/revisions\/381"}],"wp:attachment":[{"href":"https:\/\/rsiapp.amplomarketing.com.br\/fr\/wp-json\/wp\/v2\/media?parent=26"}],"curies":[{"name":"wp","href":"https:\/\/api.w.org\/{rel}","templated":true}]}}