{"id":236,"date":"2026-04-07T00:38:25","date_gmt":"2026-04-07T03:38:25","guid":{"rendered":"https:\/\/rsiapp.amplomarketing.com.br\/?page_id=236"},"modified":"2026-04-14T10:09:22","modified_gmt":"2026-04-14T13:09:22","slug":"inducao-em-sequencia-rapida","status":"publish","type":"page","link":"https:\/\/rsiapp.amplomarketing.com.br\/fr\/inducao-em-sequencia-rapida\/","title":{"rendered":"Induction \u00e0 la s\u00e9quence rapide"},"content":{"rendered":"<section class=\"l-section wpb_row us_custom_2b220f25 height_small color_primary\"><div class=\"l-section-h i-cf\"><div class=\"g-cols vc_row via_grid cols_1-4-1 laptops-cols_inherit tablets-cols_inherit mobiles-cols_1 valign_top type_default stacking_default\"><div class=\"wpb_column vc_column_container\"><div class=\"vc_column-inner\"><\/div><\/div><div class=\"wpb_column vc_column_container\"><div class=\"vc_column-inner\"><div class=\"wpb_text_column\"><div class=\"wpb_wrapper\"><h5 style=\"text-align: center;\"><strong>Induction \u00e0 la s\u00e9quence rapide<\/strong><\/h5>\n<\/div><\/div><\/div><\/div><div class=\"wpb_column vc_column_container\"><div class=\"vc_column-inner\"><\/div><\/div><\/div><\/div><\/section><section class=\"l-section wpb_row us_custom_2b220f25 height_small\"><div class=\"l-section-h i-cf\"><div class=\"g-cols vc_row via_grid cols_1-4-1 laptops-cols_inherit tablets-cols_inherit mobiles-cols_1 valign_top type_default stacking_default\"><div class=\"wpb_column vc_column_container\"><div class=\"vc_column-inner\"><\/div><\/div><div class=\"wpb_column vc_column_container\"><div class=\"vc_column-inner\"><div class=\"w-vwrapper us_custom_41248897 align_left valign_middle\" style=\"--vwrapper-gap:1.5rem\"><div class=\"wpb_text_column\"><div class=\"wpb_wrapper\"><p class=\"translation-block\">1. Dos + 30\u00b0 + position olfactive<br>\n2. Monitorisation : cardioscope, oxym\u00e8tre, capnographe, pression non-invasive<br>\n3. Pr\u00e9-oxyg\u00e9nation 10-15L pendant 5'<\/p>\n<\/div><\/div><div class=\"w-image us_custom_5e8a7298 align_center\"><div class=\"w-image-h\"><img decoding=\"async\" width=\"384\" height=\"120\" src=\"https:\/\/rsiapp.amplomarketing.com.br\/wp-content\/uploads\/2026\/03\/ambu.webp\" class=\"attachment-large size-large\" alt=\"\" loading=\"lazy\" srcset=\"https:\/\/rsiapp.amplomarketing.com.br\/wp-content\/uploads\/2026\/03\/ambu.webp 384w, https:\/\/rsiapp.amplomarketing.com.br\/wp-content\/uploads\/2026\/03\/ambu-300x94.webp 300w\" sizes=\"auto, (max-width: 384px) 100vw, 384px\" \/><\/div><\/div><div class=\"wpb_text_column\"><div class=\"wpb_wrapper\"><p>4. Drogues : alfentanil 15\u00b5g\/kg ou fentanyl 2\u00b5g\/kg + \u00e9tomidate 0,3mg\/kg ou k\u00e9tamine 1mg\/kg + rocuronium 0,9-1,2mg\/kg ou succinylcholine 1mg\/kg.<\/p>\n<\/div><\/div><\/div><div class=\"w-separator size_small\"><\/div><div class=\"w-tabs style_default switch_click accordion has_scrolling\" style=\"--sections-title-size:inherit\"><div class=\"w-tabs-sections titles-align_none icon_chevron cpos_right\"><div class=\"w-tabs-section\" id=\"paa5\"><button class=\"w-tabs-section-header with_icon\" aria-controls=\"content-paa5\" aria-expanded=\"false\"><i class=\"fas fa-lightbulb\"><\/i><div class=\"w-tabs-section-title\">Conseils<\/div><div class=\"w-tabs-section-control\"><\/div><\/button><div  class=\"w-tabs-section-content us_custom_41248897\" id=\"content-paa5\"><div class=\"w-tabs-section-content-h i-cf\"><div class=\"w-message color_yellow\"><div class=\"w-message-body\"><p class=\"translation-block\">Attention :<br>\nR\u00e9duire les doses en cas de risque d'hypotension<\/p>\n<p>Les hypnotiques peuvent avoir un effet de moins de 10 minutes (Refaire la dose ?)<\/p>\n<\/div><\/div><div class=\"w-message color_red\"><div class=\"w-message-body\"><p>Attention :<br \/>\nLe patient qui se r\u00e9veille et fait une respiration forc\u00e9e avec la glotte ferm\u00e9e peut d\u00e9velopper un \u0153d\u00e8me aigu pulmonaire \u00e0 pression n\u00e9gative<\/p>\n<\/div><\/div><\/div><\/div><\/div><\/div><\/div><div class=\"w-separator size_small\"><\/div><div class=\"w-vwrapper us_custom_41248897 align_none valign_top\"><div class=\"wpb_text_column\"><div class=\"wpb_wrapper\"><p class=\"translation-block\">1. \u00c9viter la ventilation, sauf si saturation basse<br>\n2. Sellick ?<br>\n3. Intubation trach\u00e9ale (IOT) 3x ; masque laryng\u00e9 (ML) 3x ; crico si d\u00e9saturation<\/p>\n<\/div><\/div><div class=\"w-image us_custom_5e8a7298 align_none\"><div class=\"w-image-h\"><img decoding=\"async\" width=\"384\" height=\"306\" src=\"https:\/\/rsiapp.amplomarketing.com.br\/wp-content\/uploads\/2026\/03\/selick.webp\" class=\"attachment-large size-large\" alt=\"\" loading=\"lazy\" srcset=\"https:\/\/rsiapp.amplomarketing.com.br\/wp-content\/uploads\/2026\/03\/selick.webp 384w, https:\/\/rsiapp.amplomarketing.com.br\/wp-content\/uploads\/2026\/03\/selick-300x239.webp 300w\" sizes=\"auto, (max-width: 384px) 100vw, 384px\" \/><\/div><\/div><\/div><\/div><\/div><div class=\"wpb_column vc_column_container\"><div class=\"vc_column-inner\"><\/div><\/div><\/div><\/div><\/section><section class=\"l-section wpb_row height_small\"><div class=\"l-section-h i-cf\"><div class=\"g-cols vc_row via_grid cols_1-4-1 laptops-cols_inherit tablets-cols_inherit mobiles-cols_1 valign_top type_default stacking_default\"><div class=\"wpb_column vc_column_container\"><div class=\"vc_column-inner\"><\/div><\/div><div class=\"wpb_column vc_column_container\"><div class=\"vc_column-inner\"><div class=\"w-btn-wrapper align_justify\"><a class=\"w-btn us-btn-style_1\" href=\"https:\/\/rsiapp.amplomarketing.com.br\/fr\/apos-inducao-anestesica\/\"><span class=\"w-btn-label\">SUIVANT<\/span><\/a><\/div><\/div><\/div><div class=\"wpb_column vc_column_container\"><div class=\"vc_column-inner\"><\/div><\/div><\/div><\/div><\/section><section class=\"l-section wpb_row height_small\"><div class=\"l-section-h i-cf\"><div class=\"g-cols vc_row via_grid cols_1-4-1 laptops-cols_inherit tablets-cols_inherit mobiles-cols_1 valign_top type_default stacking_default\"><div class=\"wpb_column vc_column_container\"><div class=\"vc_column-inner\"><\/div><\/div><div class=\"wpb_column vc_column_container\"><div class=\"vc_column-inner\"><div class=\"w-btn-wrapper align_center\"><a class=\"w-btn us-btn-style_3 icon_atleft\" href=\"javascript:history.back()\"><i class=\"fas fa-chevron-circle-left\"><\/i><span class=\"w-btn-label\">RETOUR<\/span><\/a><\/div><\/div><\/div><div class=\"wpb_column vc_column_container\"><div class=\"vc_column-inner\"><\/div><\/div><\/div><\/div><\/section>","protected":false},"excerpt":{"rendered":"Indu\u00e7\u00e3o em sequ\u00eancia r\u00e1pida 1. Dorso + 30\u00b0 + posi\u00e7\u00e3o olfativa 2. Monitoriza\u00e7\u00e3o: cardiosc\u00f3pio, ox\u00edmetro, capn\u00f3grafo, press\u00e3o n\u00e3o-invasiva 3. Pr\u00e9-oxigena\u00e7\u00e3o 10-15L por 5&#8242; 4. Drogas: alfentanil 15\u00b5g\/kg ou fentanil 2\u00b5g\/kg + etomidato 0,3mg\/kg ou ketamina 1mg\/kg + rocur\u00f4nio 0,9-1,2mg\/kg ou succinilcolina 1mg\/kg. DicasAten\u00e7\u00e3o: Reduzir doses se risco de hipotens\u00e3o Hipn\u00f3ticos podem ter efeito menor que...","protected":false},"author":1,"featured_media":0,"parent":0,"menu_order":0,"comment_status":"closed","ping_status":"closed","template":"","meta":{"footnotes":""},"class_list":["post-236","page","type-page","status-publish","hentry"],"_links":{"self":[{"href":"https:\/\/rsiapp.amplomarketing.com.br\/fr\/wp-json\/wp\/v2\/pages\/236","targetHints":{"allow":["GET"]}}],"collection":[{"href":"https:\/\/rsiapp.amplomarketing.com.br\/fr\/wp-json\/wp\/v2\/pages"}],"about":[{"href":"https:\/\/rsiapp.amplomarketing.com.br\/fr\/wp-json\/wp\/v2\/types\/page"}],"author":[{"embeddable":true,"href":"https:\/\/rsiapp.amplomarketing.com.br\/fr\/wp-json\/wp\/v2\/users\/1"}],"replies":[{"embeddable":true,"href":"https:\/\/rsiapp.amplomarketing.com.br\/fr\/wp-json\/wp\/v2\/comments?post=236"}],"version-history":[{"count":12,"href":"https:\/\/rsiapp.amplomarketing.com.br\/fr\/wp-json\/wp\/v2\/pages\/236\/revisions"}],"predecessor-version":[{"id":373,"href":"https:\/\/rsiapp.amplomarketing.com.br\/fr\/wp-json\/wp\/v2\/pages\/236\/revisions\/373"}],"wp:attachment":[{"href":"https:\/\/rsiapp.amplomarketing.com.br\/fr\/wp-json\/wp\/v2\/media?parent=236"}],"curies":[{"name":"wp","href":"https:\/\/api.w.org\/{rel}","templated":true}]}}