{"id":18,"date":"2026-03-31T21:11:58","date_gmt":"2026-04-01T00:11:58","guid":{"rendered":"https:\/\/rsiapp.amplomarketing.com.br\/?page_id=18"},"modified":"2026-04-14T11:41:37","modified_gmt":"2026-04-14T14:41:37","slug":"inicio","status":"publish","type":"page","link":"https:\/\/rsiapp.amplomarketing.com.br\/fr\/","title":{"rendered":"In\u00edcio"},"content":{"rendered":"<section class=\"l-section wpb_row height_medium full_height valign_center\"><div class=\"l-section-h i-cf\"><div class=\"g-cols vc_row via_grid cols_1-4-1 laptops-cols_inherit tablets-cols_inherit mobiles-cols_1 valign_middle type_default stacking_default\"><div class=\"wpb_column vc_column_container\"><div class=\"vc_column-inner\"><\/div><\/div><div class=\"wpb_column vc_column_container\"><div class=\"vc_column-inner\"><div class=\"w-vwrapper us_custom_dcf083ae us_animate_this align_none valign_top\" style=\"--vwrapper-gap:2rem\"><div class=\"w-image align_center\"><div class=\"w-image-h\"><img decoding=\"async\" width=\"512\" height=\"164\" src=\"https:\/\/rsiapp.amplomarketing.com.br\/wp-content\/uploads\/2026\/03\/logo-rsi-app.png\" class=\"attachment-large size-large\" alt=\"\" loading=\"lazy\" srcset=\"https:\/\/rsiapp.amplomarketing.com.br\/wp-content\/uploads\/2026\/03\/logo-rsi-app.png 512w, https:\/\/rsiapp.amplomarketing.com.br\/wp-content\/uploads\/2026\/03\/logo-rsi-app-300x96.png 300w\" sizes=\"auto, (max-width: 512px) 100vw, 512px\" \/><\/div><\/div><div class=\"wpb_text_column\"><div class=\"wpb_wrapper\"><h4 style=\"text-align: center;\"><strong>Bienvenue!<\/strong><\/h4>\n<\/div><\/div><div class=\"w-btn-wrapper align_justify\"><a class=\"w-btn us-btn-style_1 icon_atleft\" href=\"https:\/\/rsiapp.amplomarketing.com.br\/fr\/intubacao-orotraqueal-iot\/\"><i class=\"fas fa-flag-checkered\"><\/i><span class=\"w-btn-label\">COMMENCER<\/span><\/a><\/div><div class=\"w-btn-wrapper align_justify\"><a class=\"w-btn us-btn-style_1 icon_atleft\" href=\"https:\/\/rsiapp.amplomarketing.com.br\/fr\/video-resumo\/\"><i class=\"fas fa-video\"><\/i><span class=\"w-btn-label\">VOIR LA VID\u00c9O R\u00c9SUM\u00c9<\/span><\/a><\/div><div class=\"w-hwrapper valign_top stack_on_mobiles align_center\"><div class=\"w-btn-wrapper align_justify\"><a class=\"w-btn us-btn-style_3\" href=\"https:\/\/rsiapp.amplomarketing.com.br\/fr\/sobre-o-autor\/\"><span class=\"w-btn-label\">\u00c0 PROPOS DE L'AUTEUR<\/span><\/a><\/div><div class=\"w-btn-wrapper align_justify\"><a class=\"w-btn us-btn-style_3\" href=\"https:\/\/rsiapp.amplomarketing.com.br\/fr\/referencias\/\"><span class=\"w-btn-label\">R\u00c9F\u00c9RENCES<\/span><\/a><\/div><\/div><nav class=\"w-menu us_custom_eb849559 layout_hor style_links not_responsive us_menu_1\" style=\"--main-gap:1.5rem;--main-ver-indent:0.8em;--main-hor-indent:0.8em;--main-color:inherit;\"><ul id=\"menu-selecionar-idioma\" class=\"menu\"><li id=\"menu-item-305\" class=\"trp-language-switcher-container trp-menu-ls-item trp-menu-ls-desktop current-language-menu-item menu-item menu-item-type-post_type menu-item-object-language_switcher menu-item-305\"><a href=\"https:\/\/rsiapp.amplomarketing.com.br\/fr\/wp-json\/wp\/v2\/pages\/18\"><span class=\"trp-menu-ls-label\" data-no-translation title=\"Portuguese\"><img src=\"https:\/\/rsiapp.amplomarketing.com.br\/wp-content\/plugins\/translatepress-multilingual\/assets\/flags\/1x1\/pt_BR.svg\" class=\"trp-flag-image trp-flag-square\" alt=\"\" role=\"presentation\" loading=\"lazy\" decoding=\"async\" width=\"18\" height=\"14\" \/> <span class=\"trp-ls-language-name\">Portuguese<\/span><\/span><\/a><\/li><li id=\"menu-item-304\" class=\"trp-language-switcher-container trp-menu-ls-item trp-menu-ls-desktop menu-item menu-item-type-post_type menu-item-object-language_switcher current-language-menu-item menu-item-304\"><a href=\"https:\/\/rsiapp.amplomarketing.com.br\/fr\/wp-json\/wp\/v2\/pages\/18\"><span class=\"trp-menu-ls-label\" data-no-translation title=\"English\"><img src=\"https:\/\/rsiapp.amplomarketing.com.br\/wp-content\/plugins\/translatepress-multilingual\/assets\/flags\/1x1\/en_US.svg\" class=\"trp-flag-image trp-flag-square\" alt=\"\" role=\"presentation\" loading=\"lazy\" decoding=\"async\" width=\"18\" height=\"14\" \/> <span class=\"trp-ls-language-name\">English<\/span><\/span><\/a><\/li><li id=\"menu-item-340\" class=\"trp-language-switcher-container trp-menu-ls-item trp-menu-ls-desktop current-language-menu-item menu-item menu-item-type-post_type menu-item-object-language_switcher menu-item-340\"><a href=\"https:\/\/rsiapp.amplomarketing.com.br\/fr\/wp-json\/wp\/v2\/pages\/18\"><span class=\"trp-menu-ls-label\" data-no-translation title=\"French\"><img src=\"https:\/\/rsiapp.amplomarketing.com.br\/wp-content\/plugins\/translatepress-multilingual\/assets\/flags\/1x1\/fr_FR.svg\" class=\"trp-flag-image trp-flag-square\" alt=\"\" role=\"presentation\" loading=\"lazy\" decoding=\"async\" width=\"18\" height=\"14\" \/> <span class=\"trp-ls-language-name\">French<\/span><\/span><\/a><\/li><\/ul><\/nav><\/div><\/div><\/div><div class=\"wpb_column vc_column_container\"><div class=\"vc_column-inner\"><\/div><\/div><\/div><\/div><\/section>","protected":false},"excerpt":{"rendered":"Seja bem-vindo(a)! INICIARVER V\u00cdDEO RESUMOSOBRE O AUTORREFER\u00caNCIAS Portuguese English French","protected":false},"author":1,"featured_media":359,"parent":0,"menu_order":0,"comment_status":"closed","ping_status":"closed","template":"","meta":{"footnotes":""},"class_list":["post-18","page","type-page","status-publish","has-post-thumbnail","hentry"],"_links":{"self":[{"href":"https:\/\/rsiapp.amplomarketing.com.br\/fr\/wp-json\/wp\/v2\/pages\/18","targetHints":{"allow":["GET"]}}],"collection":[{"href":"https:\/\/rsiapp.amplomarketing.com.br\/fr\/wp-json\/wp\/v2\/pages"}],"about":[{"href":"https:\/\/rsiapp.amplomarketing.com.br\/fr\/wp-json\/wp\/v2\/types\/page"}],"author":[{"embeddable":true,"href":"https:\/\/rsiapp.amplomarketing.com.br\/fr\/wp-json\/wp\/v2\/users\/1"}],"replies":[{"embeddable":true,"href":"https:\/\/rsiapp.amplomarketing.com.br\/fr\/wp-json\/wp\/v2\/comments?post=18"}],"version-history":[{"count":25,"href":"https:\/\/rsiapp.amplomarketing.com.br\/fr\/wp-json\/wp\/v2\/pages\/18\/revisions"}],"predecessor-version":[{"id":312,"href":"https:\/\/rsiapp.amplomarketing.com.br\/fr\/wp-json\/wp\/v2\/pages\/18\/revisions\/312"}],"wp:featuredmedia":[{"embeddable":true,"href":"https:\/\/rsiapp.amplomarketing.com.br\/fr\/wp-json\/wp\/v2\/media\/359"}],"wp:attachment":[{"href":"https:\/\/rsiapp.amplomarketing.com.br\/fr\/wp-json\/wp\/v2\/media?parent=18"}],"curies":[{"name":"wp","href":"https:\/\/api.w.org\/{rel}","templated":true}]}}