{"id":108,"date":"2026-04-01T08:29:55","date_gmt":"2026-04-01T11:29:55","guid":{"rendered":"https:\/\/rsiapp.amplomarketing.com.br\/?page_id=108"},"modified":"2026-04-14T10:15:45","modified_gmt":"2026-04-14T13:15:45","slug":"mascara-laringea","status":"publish","type":"page","link":"https:\/\/rsiapp.amplomarketing.com.br\/fr\/mascara-laringea\/","title":{"rendered":"Masque laryng\u00e9"},"content":{"rendered":"<section class=\"l-section wpb_row height_small color_primary\"><div class=\"l-section-h i-cf\"><div class=\"g-cols vc_row via_grid cols_1-4-1 laptops-cols_inherit tablets-cols_inherit mobiles-cols_1 valign_top type_default stacking_default\"><div class=\"wpb_column vc_column_container\"><div class=\"vc_column-inner\"><\/div><\/div><div class=\"wpb_column vc_column_container\"><div class=\"vc_column-inner\"><div class=\"wpb_text_column\"><div class=\"wpb_wrapper\"><h5 style=\"text-align: center;\"><strong>Masque laryng\u00e9<\/strong><\/h5>\n<\/div><\/div><\/div><\/div><div class=\"wpb_column vc_column_container\"><div class=\"vc_column-inner\"><\/div><\/div><\/div><\/div><\/section><section class=\"l-section wpb_row height_small\"><div class=\"l-section-h i-cf\"><div class=\"g-cols vc_row via_grid cols_1-4-1 laptops-cols_inherit tablets-cols_inherit mobiles-cols_1 valign_top type_default stacking_default\"><div class=\"wpb_column vc_column_container\"><div class=\"vc_column-inner\"><\/div><\/div><div class=\"wpb_column vc_column_container\"><div class=\"vc_column-inner\"><div class=\"w-vwrapper us_custom_41248897 align_center valign_middle\" style=\"--vwrapper-gap:1rem\"><div class=\"wpb_text_column\"><div class=\"wpb_wrapper\"><p>3 tentatives avec diff\u00e9rents mod\u00e8les\/tailles<\/p>\n<\/div><\/div><div class=\"w-image align_center\"><div class=\"w-image-h\"><img decoding=\"async\" width=\"256\" height=\"299\" src=\"https:\/\/rsiapp.amplomarketing.com.br\/wp-content\/uploads\/2026\/04\/mascara-rsi-256x299.png\" class=\"attachment-us_256_400 size-us_256_400\" alt=\"\" loading=\"lazy\" srcset=\"https:\/\/rsiapp.amplomarketing.com.br\/wp-content\/uploads\/2026\/04\/mascara-rsi-256x299.png 256w, https:\/\/rsiapp.amplomarketing.com.br\/wp-content\/uploads\/2026\/04\/mascara-rsi-257x300.png 257w, https:\/\/rsiapp.amplomarketing.com.br\/wp-content\/uploads\/2026\/04\/mascara-rsi-877x1024.png 877w, https:\/\/rsiapp.amplomarketing.com.br\/wp-content\/uploads\/2026\/04\/mascara-rsi-10x12.png 10w, https:\/\/rsiapp.amplomarketing.com.br\/wp-content\/uploads\/2026\/04\/mascara-rsi-64x75.png 64w, https:\/\/rsiapp.amplomarketing.com.br\/wp-content\/uploads\/2026\/04\/mascara-rsi-128x149.png 128w, https:\/\/rsiapp.amplomarketing.com.br\/wp-content\/uploads\/2026\/04\/mascara-rsi.png 959w\" sizes=\"auto, (max-width: 256px) 100vw, 256px\" \/><\/div><\/div><\/div><div class=\"w-separator size_small\"><\/div><div class=\"w-tabs layout_hor style_radio3 switch_click has_scrolling\" style=\"--sections-title-size:1em\"><div class=\"w-tabs-list items_2 align_justify\"><div class=\"w-tabs-list-h\"><button class=\"w-tabs-item active\" aria-controls=\"content-sf9c\" aria-expanded=\"false\"><span class=\"w-tabs-item-title\">R\u00c9USSITE<\/span><\/button><button class=\"w-tabs-item\" aria-controls=\"content-x7d2\" aria-expanded=\"false\"><span class=\"w-tabs-item-title\">\u00c9CHEC<\/span><\/button><\/div><\/div><div class=\"w-tabs-sections titles-align_none icon_chevron cpos_right\"><div class=\"w-tabs-section active\" id=\"sf9c\"><button class=\"w-tabs-section-header active\" aria-controls=\"content-sf9c\" aria-expanded=\"true\"><div class=\"w-tabs-section-title\">R\u00c9USSITE<\/div><div class=\"w-tabs-section-control\"><\/div><\/button><div  class=\"w-tabs-section-content\" id=\"content-sf9c\"><div class=\"w-tabs-section-content-h i-cf\"><div class=\"w-vwrapper us_custom_ee9bc561 align_center valign_middle\"><div class=\"wpb_text_column\"><div class=\"wpb_wrapper\"><h3 style=\"text-align: center;\"><strong>R\u00e9ussite !<\/strong><\/h3>\n<\/div><\/div><div class=\"wpb_text_column\"><div class=\"wpb_wrapper\"><p style=\"text-align: center;\">Connecter au ventilateur.<\/p>\n<\/div><\/div><div class=\"wpb_text_column\"><div class=\"wpb_wrapper\"><p>Arr\u00eater et R\u00e9fl\u00e9chir !<\/p>\n<\/div><\/div><div class=\"w-btn-wrapper align_center\"><a class=\"w-btn us-btn-style_3 icon_atleft\" href=\"https:\/\/rsiapp.amplomarketing.com.br\/fr\/\"><i class=\"fas fa-home\"><\/i><span class=\"w-btn-label\">RETOUR \u00c0 L'ACCUEIL<\/span><\/a><\/div><\/div><\/div><\/div><\/div><div class=\"w-tabs-section\" id=\"x7d2\"><button class=\"w-tabs-section-header\" aria-controls=\"content-x7d2\" aria-expanded=\"false\"><div class=\"w-tabs-section-title\">\u00c9CHEC<\/div><div class=\"w-tabs-section-control\"><\/div><\/button><div  class=\"w-tabs-section-content\" id=\"content-x7d2\"><div class=\"w-tabs-section-content-h i-cf\"><div class=\"w-popup w-btn-wrapper align_justify\"><button class=\"w-popup-trigger type_btn w-btn us-btn-style_1\" aria-label=\"VENTILATION AU MASQUE OK ?\" type=\"button\"><span class=\"w-btn-label\">VENTILATION AU MASQUE OK ?<\/span><\/button><div class=\"w-popup-overlay\" style=\"background:rgba(0,0,0,0.85);\"><\/div><div class=\"w-popup-wrap layout_default\" role=\"dialog\" aria-modal=\"true\" aria-label=\"Popup\" style=\"--title-color:var(--color-content-heading);--title-bg-color:var(--color-content-bg-alt);--content-color:var(--color-content-text);--content-bg-color:var(--color-content-bg-grad, var(--color-content-bg) );--popup-border-radius:1rem;--popup-width:600px;--popup-padding:5%;\"><div class=\"w-popup-box animation_fadeIn closerpos_inside without_title\"><div class=\"w-popup-box-h\"><button aria-label=\"Fermer\" class=\"w-popup-closer\" type=\"button\"><\/button><div class=\"w-popup-box-content\"><section class=\"l-section wpb_row height_medium\"><div class=\"l-section-h i-cf\"><div class=\"g-cols vc_row via_grid cols_1 laptops-cols_inherit tablets-cols_inherit mobiles-cols_1 valign_top type_default stacking_default\"><div class=\"wpb_column vc_column_container\"><div class=\"vc_column-inner\"><div class=\"w-vwrapper us_custom_51431c02 align_center valign_top\"><div class=\"w-iconbox iconpos_top style_default color_primary align_center no_text\"><div class=\"w-iconbox-icon\" style=\"font-size:3rem;\"><i class=\"far fa-exclamation-circle\"><\/i><\/div><div class=\"w-iconbox-meta\"><h4 class=\"w-iconbox-title\">Arr\u00eater et R\u00e9fl\u00e9chir<\/h4><\/div><\/div><\/div><\/div><\/div><\/div><\/div><\/section>\n<\/div><\/div><\/div><\/div><\/div><div class=\"w-separator size_small\"><\/div><div class=\"w-btn-wrapper align_justify\"><a class=\"w-btn us-btn-style_1\" href=\"https:\/\/rsiapp.amplomarketing.com.br\/fr\/acesso-cervical\/\"><span class=\"w-btn-label\">VENTILATION IMPOSSIBLE<\/span><\/a><\/div><\/div><\/div><\/div><\/div><\/div><\/div><\/div><div class=\"wpb_column vc_column_container\"><div class=\"vc_column-inner\"><\/div><\/div><\/div><\/div><\/section><section class=\"l-section wpb_row height_small\"><div class=\"l-section-h i-cf\"><div class=\"g-cols vc_row via_grid cols_custom laptops-cols_inherit tablets-cols_inherit mobiles-cols_1 valign_top type_default stacking_default\" style=\"--custom-columns:1fr 4fr 1fr \"><div class=\"wpb_column vc_column_container\"><div class=\"vc_column-inner\"><\/div><\/div><div class=\"wpb_column vc_column_container\"><div class=\"vc_column-inner\"><div class=\"w-btn-wrapper align_center\"><a class=\"w-btn us-btn-style_3 icon_atleft\" href=\"javascript:history.back()\"><i class=\"fas fa-chevron-circle-left\"><\/i><span class=\"w-btn-label\">RETOUR<\/span><\/a><\/div><\/div><\/div><div class=\"wpb_column vc_column_container\"><div class=\"vc_column-inner\"><\/div><\/div><\/div><\/div><\/section>","protected":false},"excerpt":{"rendered":"M\u00e1scara lar\u00edngea 3 tentativas com modelos\/tamanhos diferentes\u200b SUCESSOINSUCESSOSUCESSOSucesso! Conectar ao respirador. Parar e Pensar! VOLTAR PARA O IN\u00cdCIOINSUCESSOVENTILA\u00c7\u00c3O SOB M\u00c1SCARA OK?Parar e Pensar VENTILA\u00c7\u00c3O IMPOSS\u00cdVELVOLTAR","protected":false},"author":1,"featured_media":0,"parent":0,"menu_order":0,"comment_status":"closed","ping_status":"closed","template":"","meta":{"footnotes":""},"class_list":["post-108","page","type-page","status-publish","hentry"],"_links":{"self":[{"href":"https:\/\/rsiapp.amplomarketing.com.br\/fr\/wp-json\/wp\/v2\/pages\/108","targetHints":{"allow":["GET"]}}],"collection":[{"href":"https:\/\/rsiapp.amplomarketing.com.br\/fr\/wp-json\/wp\/v2\/pages"}],"about":[{"href":"https:\/\/rsiapp.amplomarketing.com.br\/fr\/wp-json\/wp\/v2\/types\/page"}],"author":[{"embeddable":true,"href":"https:\/\/rsiapp.amplomarketing.com.br\/fr\/wp-json\/wp\/v2\/users\/1"}],"replies":[{"embeddable":true,"href":"https:\/\/rsiapp.amplomarketing.com.br\/fr\/wp-json\/wp\/v2\/comments?post=108"}],"version-history":[{"count":35,"href":"https:\/\/rsiapp.amplomarketing.com.br\/fr\/wp-json\/wp\/v2\/pages\/108\/revisions"}],"predecessor-version":[{"id":378,"href":"https:\/\/rsiapp.amplomarketing.com.br\/fr\/wp-json\/wp\/v2\/pages\/108\/revisions\/378"}],"wp:attachment":[{"href":"https:\/\/rsiapp.amplomarketing.com.br\/fr\/wp-json\/wp\/v2\/media?parent=108"}],"curies":[{"name":"wp","href":"https:\/\/api.w.org\/{rel}","templated":true}]}}