{"id":24,"date":"2026-03-31T21:19:15","date_gmt":"2026-04-01T00:19:15","guid":{"rendered":"https:\/\/rsiapp.amplomarketing.com.br\/?page_id=24"},"modified":"2026-04-08T15:35:30","modified_gmt":"2026-04-08T18:35:30","slug":"intubacao-orotraqueal-iot","status":"publish","type":"page","link":"https:\/\/rsiapp.amplomarketing.com.br\/en\/intubacao-orotraqueal-iot\/","title":{"rendered":"Endotracheal intubation (ETI)"},"content":{"rendered":"<section class=\"l-section wpb_row height_small color_primary\"><div class=\"l-section-h i-cf\"><div class=\"g-cols vc_row via_grid cols_1-4-1 laptops-cols_inherit tablets-cols_inherit mobiles-cols_1 valign_top type_default stacking_default\"><div class=\"wpb_column vc_column_container\"><div class=\"vc_column-inner\"><\/div><\/div><div class=\"wpb_column vc_column_container\"><div class=\"vc_column-inner\"><div class=\"wpb_text_column\"><div class=\"wpb_wrapper\"><h5 style=\"text-align: center;\"><strong>Endotracheal intubation (ETI)<\/strong><\/h5>\n<\/div><\/div><\/div><\/div><div class=\"wpb_column vc_column_container\"><div class=\"vc_column-inner\"><\/div><\/div><\/div><\/div><\/section><section class=\"l-section wpb_row height_small\"><div class=\"l-section-h i-cf\"><div class=\"g-cols vc_row via_grid cols_1-4-1 laptops-cols_inherit tablets-cols_inherit mobiles-cols_1 valign_top type_default stacking_default\"><div class=\"wpb_column vc_column_container\"><div class=\"vc_column-inner\"><\/div><\/div><div class=\"wpb_column vc_column_container\"><div class=\"vc_column-inner\"><div class=\"w-vwrapper us_custom_41248897 align_center valign_middle\"><div class=\"wpb_text_column\"><div class=\"wpb_wrapper\"><p><strong>Probable difficult ETI?<\/strong><\/p>\n<\/div><\/div><\/div><\/div><\/div><div class=\"wpb_column vc_column_container\"><div class=\"vc_column-inner\"><\/div><\/div><\/div><\/div><\/section><section class=\"l-section wpb_row height_small\"><div class=\"l-section-h i-cf\"><div class=\"g-cols vc_row via_grid cols_1-4-1 laptops-cols_inherit tablets-cols_inherit mobiles-cols_1 valign_top type_default stacking_default\"><div class=\"wpb_column vc_column_container\"><div class=\"vc_column-inner\"><\/div><\/div><div class=\"wpb_column vc_column_container\"><div class=\"vc_column-inner\"><div class=\"w-hwrapper valign_top align_none\"><div class=\"w-btn-wrapper align_justify\"><a class=\"w-btn us-btn-style_1\" href=\"https:\/\/rsiapp.amplomarketing.com.br\/en\/ventilacao-sob-mascara-iot-sim\/\"><span class=\"w-btn-label\">YES<\/span><\/a><\/div><div class=\"w-btn-wrapper align_justify\"><a class=\"w-btn us-btn-style_1\" href=\"https:\/\/rsiapp.amplomarketing.com.br\/en\/ventilacao-sob-mascara-iot-nao\/\"><span class=\"w-btn-label\">NO<\/span><\/a><\/div><\/div><\/div><\/div><div class=\"wpb_column vc_column_container\"><div class=\"vc_column-inner\"><\/div><\/div><\/div><\/div><\/section><section class=\"l-section wpb_row height_small\"><div class=\"l-section-h i-cf\"><div class=\"g-cols vc_row via_grid cols_1-4-1 laptops-cols_inherit tablets-cols_inherit mobiles-cols_1 valign_top type_default stacking_default\"><div class=\"wpb_column vc_column_container\"><div class=\"vc_column-inner\"><\/div><\/div><div class=\"wpb_column vc_column_container\"><div class=\"vc_column-inner\"><div class=\"w-btn-wrapper align_center\"><a class=\"w-btn us-btn-style_3 icon_atleft\" href=\"javascript:history.back()\"><i class=\"fas fa-chevron-circle-left\"><\/i><span class=\"w-btn-label\">BACK<\/span><\/a><\/div><\/div><\/div><div class=\"wpb_column vc_column_container\"><div class=\"vc_column-inner\"><\/div><\/div><\/div><\/div><\/section>","protected":false},"excerpt":{"rendered":"Intuba\u00e7\u00e3o orotraqueal (IOT) IOT dif\u00edcil prov\u00e1vel? SIMN\u00c3OVOLTAR","protected":false},"author":1,"featured_media":0,"parent":0,"menu_order":0,"comment_status":"closed","ping_status":"closed","template":"","meta":{"footnotes":""},"class_list":["post-24","page","type-page","status-publish","hentry"],"_links":{"self":[{"href":"https:\/\/rsiapp.amplomarketing.com.br\/en\/wp-json\/wp\/v2\/pages\/24","targetHints":{"allow":["GET"]}}],"collection":[{"href":"https:\/\/rsiapp.amplomarketing.com.br\/en\/wp-json\/wp\/v2\/pages"}],"about":[{"href":"https:\/\/rsiapp.amplomarketing.com.br\/en\/wp-json\/wp\/v2\/types\/page"}],"author":[{"embeddable":true,"href":"https:\/\/rsiapp.amplomarketing.com.br\/en\/wp-json\/wp\/v2\/users\/1"}],"replies":[{"embeddable":true,"href":"https:\/\/rsiapp.amplomarketing.com.br\/en\/wp-json\/wp\/v2\/comments?post=24"}],"version-history":[{"count":31,"href":"https:\/\/rsiapp.amplomarketing.com.br\/en\/wp-json\/wp\/v2\/pages\/24\/revisions"}],"predecessor-version":[{"id":336,"href":"https:\/\/rsiapp.amplomarketing.com.br\/en\/wp-json\/wp\/v2\/pages\/24\/revisions\/336"}],"wp:attachment":[{"href":"https:\/\/rsiapp.amplomarketing.com.br\/en\/wp-json\/wp\/v2\/media?parent=24"}],"curies":[{"name":"wp","href":"https:\/\/api.w.org\/{rel}","templated":true}]}}