{"id":236,"date":"2026-04-07T00:38:25","date_gmt":"2026-04-07T03:38:25","guid":{"rendered":"https:\/\/rsiapp.amplomarketing.com.br\/?page_id=236"},"modified":"2026-04-14T10:09:22","modified_gmt":"2026-04-14T13:09:22","slug":"inducao-em-sequencia-rapida","status":"publish","type":"page","link":"https:\/\/rsiapp.amplomarketing.com.br\/en\/inducao-em-sequencia-rapida\/","title":{"rendered":"Rapid sequence induction"},"content":{"rendered":"<section class=\"l-section wpb_row us_custom_2b220f25 height_small color_primary\"><div class=\"l-section-h i-cf\"><div class=\"g-cols vc_row via_grid cols_1-4-1 laptops-cols_inherit tablets-cols_inherit mobiles-cols_1 valign_top type_default stacking_default\"><div class=\"wpb_column vc_column_container\"><div class=\"vc_column-inner\"><\/div><\/div><div class=\"wpb_column vc_column_container\"><div class=\"vc_column-inner\"><div class=\"wpb_text_column\"><div class=\"wpb_wrapper\"><h5 style=\"text-align: center;\"><strong>Rapid sequence induction<\/strong><\/h5>\n<\/div><\/div><\/div><\/div><div class=\"wpb_column vc_column_container\"><div class=\"vc_column-inner\"><\/div><\/div><\/div><\/div><\/section><section class=\"l-section wpb_row us_custom_2b220f25 height_small\"><div class=\"l-section-h i-cf\"><div class=\"g-cols vc_row via_grid cols_1-4-1 laptops-cols_inherit tablets-cols_inherit mobiles-cols_1 valign_top type_default stacking_default\"><div class=\"wpb_column vc_column_container\"><div class=\"vc_column-inner\"><\/div><\/div><div class=\"wpb_column vc_column_container\"><div class=\"vc_column-inner\"><div class=\"w-vwrapper us_custom_41248897 align_left valign_middle\" style=\"--vwrapper-gap:1.5rem\"><div class=\"wpb_text_column\"><div class=\"wpb_wrapper\"><p class=\"translation-block\">1. Back + 30\u00b0 + sniffing position<br>\n2. Monitoring: cardiac monitor, pulse oximeter, capnograph, non-invasive blood pressure<br>\n3. Pre-oxygenation 10-15L for 5'<\/p>\n<\/div><\/div><div class=\"w-image us_custom_5e8a7298 align_center\"><div class=\"w-image-h\"><img decoding=\"async\" width=\"384\" height=\"120\" src=\"https:\/\/rsiapp.amplomarketing.com.br\/wp-content\/uploads\/2026\/03\/ambu.webp\" class=\"attachment-large size-large\" alt=\"\" loading=\"lazy\" srcset=\"https:\/\/rsiapp.amplomarketing.com.br\/wp-content\/uploads\/2026\/03\/ambu.webp 384w, https:\/\/rsiapp.amplomarketing.com.br\/wp-content\/uploads\/2026\/03\/ambu-300x94.webp 300w\" sizes=\"auto, (max-width: 384px) 100vw, 384px\" \/><\/div><\/div><div class=\"wpb_text_column\"><div class=\"wpb_wrapper\"><p>4. Drugs: alfentanil 15\u00b5g\/kg or fentanyl 2\u00b5g\/kg + etomidate 0.3mg\/kg or ketamine 1mg\/kg + rocuronium 0.9-1.2mg\/kg or succinylcholine 1mg\/kg.<\/p>\n<\/div><\/div><\/div><div class=\"w-separator size_small\"><\/div><div class=\"w-tabs style_default switch_click accordion has_scrolling\" style=\"--sections-title-size:inherit\"><div class=\"w-tabs-sections titles-align_none icon_chevron cpos_right\"><div class=\"w-tabs-section\" id=\"l456\"><button class=\"w-tabs-section-header with_icon\" aria-controls=\"content-l456\" aria-expanded=\"false\"><i class=\"fas fa-lightbulb\"><\/i><div class=\"w-tabs-section-title\">Tips<\/div><div class=\"w-tabs-section-control\"><\/div><\/button><div  class=\"w-tabs-section-content us_custom_41248897\" id=\"content-l456\"><div class=\"w-tabs-section-content-h i-cf\"><div class=\"w-message color_yellow\"><div class=\"w-message-body\"><p class=\"translation-block\">Warning:<br>\nReduce doses if risk of hypotension<\/p>\n<p>Hypnotics may last less than 10 minutes (Repeat dose?)<\/p>\n<\/div><\/div><div class=\"w-message color_red\"><div class=\"w-message-body\"><p>Caution:<br \/>\nPatient who wakes up and forces breathing with closed glottis may develop negative pressure acute pulmonary edema<\/p>\n<\/div><\/div><\/div><\/div><\/div><\/div><\/div><div class=\"w-separator size_small\"><\/div><div class=\"w-vwrapper us_custom_41248897 align_none valign_top\"><div class=\"wpb_text_column\"><div class=\"wpb_wrapper\"><p class=\"translation-block\">1. Avoid ventilation, except if low saturation<br>\n2. Sellick?<br>\n3. Tracheal intubation (ETI) 3x; laryngeal mask (LM) \n3x; crico if desaturation<\/p>\n<\/div><\/div><div class=\"w-image us_custom_5e8a7298 align_none\"><div class=\"w-image-h\"><img decoding=\"async\" width=\"384\" height=\"306\" src=\"https:\/\/rsiapp.amplomarketing.com.br\/wp-content\/uploads\/2026\/03\/selick.webp\" class=\"attachment-large size-large\" alt=\"\" loading=\"lazy\" srcset=\"https:\/\/rsiapp.amplomarketing.com.br\/wp-content\/uploads\/2026\/03\/selick.webp 384w, https:\/\/rsiapp.amplomarketing.com.br\/wp-content\/uploads\/2026\/03\/selick-300x239.webp 300w\" sizes=\"auto, (max-width: 384px) 100vw, 384px\" \/><\/div><\/div><\/div><\/div><\/div><div class=\"wpb_column vc_column_container\"><div class=\"vc_column-inner\"><\/div><\/div><\/div><\/div><\/section><section class=\"l-section wpb_row height_small\"><div class=\"l-section-h i-cf\"><div class=\"g-cols vc_row via_grid cols_1-4-1 laptops-cols_inherit tablets-cols_inherit mobiles-cols_1 valign_top type_default stacking_default\"><div class=\"wpb_column vc_column_container\"><div class=\"vc_column-inner\"><\/div><\/div><div class=\"wpb_column vc_column_container\"><div class=\"vc_column-inner\"><div class=\"w-btn-wrapper align_justify\"><a class=\"w-btn us-btn-style_1\" href=\"https:\/\/rsiapp.amplomarketing.com.br\/en\/apos-inducao-anestesica\/\"><span class=\"w-btn-label\">NEXT<\/span><\/a><\/div><\/div><\/div><div class=\"wpb_column vc_column_container\"><div class=\"vc_column-inner\"><\/div><\/div><\/div><\/div><\/section><section class=\"l-section wpb_row height_small\"><div class=\"l-section-h i-cf\"><div class=\"g-cols vc_row via_grid cols_1-4-1 laptops-cols_inherit tablets-cols_inherit mobiles-cols_1 valign_top type_default stacking_default\"><div class=\"wpb_column vc_column_container\"><div class=\"vc_column-inner\"><\/div><\/div><div class=\"wpb_column vc_column_container\"><div class=\"vc_column-inner\"><div class=\"w-btn-wrapper align_center\"><a class=\"w-btn us-btn-style_3 icon_atleft\" href=\"javascript:history.back()\"><i class=\"fas fa-chevron-circle-left\"><\/i><span class=\"w-btn-label\">BACK<\/span><\/a><\/div><\/div><\/div><div class=\"wpb_column vc_column_container\"><div class=\"vc_column-inner\"><\/div><\/div><\/div><\/div><\/section>","protected":false},"excerpt":{"rendered":"Indu\u00e7\u00e3o em sequ\u00eancia r\u00e1pida 1. Dorso + 30\u00b0 + posi\u00e7\u00e3o olfativa 2. Monitoriza\u00e7\u00e3o: cardiosc\u00f3pio, ox\u00edmetro, capn\u00f3grafo, press\u00e3o n\u00e3o-invasiva 3. Pr\u00e9-oxigena\u00e7\u00e3o 10-15L por 5&#8242; 4. Drogas: alfentanil 15\u00b5g\/kg ou fentanil 2\u00b5g\/kg + etomidato 0,3mg\/kg ou ketamina 1mg\/kg + rocur\u00f4nio 0,9-1,2mg\/kg ou succinilcolina 1mg\/kg. DicasAten\u00e7\u00e3o: Reduzir doses se risco de hipotens\u00e3o Hipn\u00f3ticos podem ter efeito menor que...","protected":false},"author":1,"featured_media":0,"parent":0,"menu_order":0,"comment_status":"closed","ping_status":"closed","template":"","meta":{"footnotes":""},"class_list":["post-236","page","type-page","status-publish","hentry"],"_links":{"self":[{"href":"https:\/\/rsiapp.amplomarketing.com.br\/en\/wp-json\/wp\/v2\/pages\/236","targetHints":{"allow":["GET"]}}],"collection":[{"href":"https:\/\/rsiapp.amplomarketing.com.br\/en\/wp-json\/wp\/v2\/pages"}],"about":[{"href":"https:\/\/rsiapp.amplomarketing.com.br\/en\/wp-json\/wp\/v2\/types\/page"}],"author":[{"embeddable":true,"href":"https:\/\/rsiapp.amplomarketing.com.br\/en\/wp-json\/wp\/v2\/users\/1"}],"replies":[{"embeddable":true,"href":"https:\/\/rsiapp.amplomarketing.com.br\/en\/wp-json\/wp\/v2\/comments?post=236"}],"version-history":[{"count":12,"href":"https:\/\/rsiapp.amplomarketing.com.br\/en\/wp-json\/wp\/v2\/pages\/236\/revisions"}],"predecessor-version":[{"id":373,"href":"https:\/\/rsiapp.amplomarketing.com.br\/en\/wp-json\/wp\/v2\/pages\/236\/revisions\/373"}],"wp:attachment":[{"href":"https:\/\/rsiapp.amplomarketing.com.br\/en\/wp-json\/wp\/v2\/media?parent=236"}],"curies":[{"name":"wp","href":"https:\/\/api.w.org\/{rel}","templated":true}]}}